{"id":19375,"date":"2020-02-26T19:25:39","date_gmt":"2020-02-26T17:25:39","guid":{"rendered":"https:\/\/www.arsfabri.com\/donde-estamos\/"},"modified":"2022-11-21T18:06:34","modified_gmt":"2022-11-21T16:06:34","slug":"donde-estamos","status":"publish","type":"page","link":"https:\/\/www.arsfabri.com\/es\/donde-estamos\/","title":{"rendered":"\u00bfD\u00f3nde estamos?"},"content":{"rendered":"<div class=\"gb-container gb-container-095cac62\"><div class=\"gb-inside-container\">\n\n<iframe src=\"https:\/\/www.google.com\/maps\/embed?pb=!1m18!1m12!1m3!1d2939.1499097003207!2d1.5253296157007363!3d42.55210963094383!2m3!1f0!2f0!3f0!3m2!1i1024!2i768!4f13.1!3m3!1m2!1s0x12af600f0d8db0c3%3A0xdaea8474f075c20f!2sCam%C3%AD%20de%20la%20Clota%20Verda%2C%20AD300%2C%20Andorra!5e0!3m2!1sca!2ses!4v1666862588259!5m2!1sca!2ses\" style=\"border:0;\" allowfullscreen=\"\" loading=\"lazy\" referrerpolicy=\"no-referrer-when-downgrade\" width=\"100%\" height=\"300\"><\/iframe>\n\n<\/div><\/div><div class=\"gb-container gb-container-2bcb0cdc\"><div class=\"gb-inside-container\">\n<div class=\"gb-grid-wrapper gb-grid-wrapper-b9068885\">\n<div class=\"gb-grid-column gb-grid-column-35b32223\"><div class=\"gb-container gb-container-35b32223\"><div class=\"gb-inside-container\">\n\n<h2 class=\"gb-headline gb-headline-e768b3eb gb-headline-text\">Contacta con nosotros<\/h2>\n\n\n\n<p>Arsfabri SL nace y tiene vocaci\u00f3n de servicio en el entorno de Andorra. Sin limitaci\u00f3n geogr\u00e1fica alguna, puede dar servicio a cualquier pa\u00eds de su entorno y m\u00e1s all\u00e1, posibilitando la obtenci\u00f3n de recursos propios y ajenos que puedan ayudar a la consecuci\u00f3n de los objetivos del proyecto.<\/p>\n\n\n\n<p class=\"gb-headline gb-headline-51a27152\"><span class=\"gb-icon\"><svg xmlns=\"http:\/\/www.w3.org\/2000\/svg\" aria-hidden=\"true\" role=\"img\" height=\"1em\" width=\"1em\" viewbox=\"0 0 512 512\"><path fill=\"currentColor\" d=\"M256 8C119 8 8 119 8 256s111 248 248 248 248-111 248-248S393 8 256 8zm0 448c-110.5 0-200-89.5-200-200S145.5 56 256 56s200 89.5 200 200-89.5 200-200 200zm61.8-104.4l-84.9-61.7c-3.1-2.3-4.9-5.9-4.9-9.7V116c0-6.6 5.4-12 12-12h32c6.6 0 12 5.4 12 12v141.7l66.8 48.6c5.4 3.9 6.5 11.4 2.6 16.8L334.6 349c-3.9 5.3-11.4 6.5-16.8 2.6z\"><\/path><\/svg><\/span><span class=\"gb-headline-text\"><strong>Horari de atenci\u00f3n al p\u00fablico<\/strong>: De lunes a viernes de 08:00h a 18:00h<\/span><\/p>\n\n\n\n<p class=\"gb-headline gb-headline-1f6dd093\"><span class=\"gb-icon\"><svg xmlns=\"http:\/\/www.w3.org\/2000\/svg\" viewbox=\"0 0 384 512\" width=\"1em\" height=\"1em\" aria-hidden=\"true\"><path d=\"M172.268 501.67C26.97 291.031 0 269.413 0 192 0 85.961 85.961 0 192 0s192 85.961 192 192c0 77.413-26.97 99.031-172.268 309.67-9.535 13.774-29.93 13.773-39.464 0zM192 272c44.183 0 80-35.817 80-80s-35.817-80-80-80-80 35.817-80 80 35.817 80 80 80z\" fill=\"currentColor\"><\/path><\/svg><\/span><span class=\"gb-headline-text\">arsfabri S.L.<br>AD300 ANDORRA<\/span><\/p>\n\n\n\n<p class=\"gb-headline gb-headline-812a03b9\"><span class=\"gb-icon\"><svg xmlns=\"http:\/\/www.w3.org\/2000\/svg\" viewbox=\"0 0 512 512\" width=\"1em\" height=\"1em\" aria-hidden=\"true\"><path d=\"M464 64H48C21.49 64 0 85.49 0 112v288c0 26.51 21.49 48 48 48h416c26.51 0 48-21.49 48-48V112c0-26.51-21.49-48-48-48zm0 48v40.805c-22.422 18.259-58.168 46.651-134.587 106.49-16.841 13.247-50.201 45.072-73.413 44.701-23.208.375-56.579-31.459-73.413-44.701C106.18 199.465 70.425 171.067 48 152.805V112h416zM48 400V214.398c22.914 18.251 55.409 43.862 104.938 82.646 21.857 17.205 60.134 55.186 103.062 54.955 42.717.231 80.509-37.199 103.053-54.947 49.528-38.783 82.032-64.401 104.947-82.653V400H48z\" fill=\"currentColor\"><\/path><\/svg><\/span><span class=\"gb-headline-text\">Tel\u00e9fono <a href=\"tel:+376%20657%20657\" data-type=\"tel\" data-id=\"tel:+376 657 657\">+376 657 657<\/a><br>Email <a href=\"mailto:service@service.com\">info@arsfabri.com<\/a><\/span><\/p>\n\n\n\n<p><em>Si es necesario, tambi\u00e9n podemos desplazarnos \u00abin situ\u00bb para aportar nuestra experiencia a pie de obra.<\/em><\/p>\n\n<\/div><\/div><\/div>\n\n<div class=\"gb-grid-column gb-grid-column-17f911a6\"><div class=\"gb-container gb-container-17f911a6\"><div class=\"gb-inside-container\">\n\n<div class=\"wpcf7 no-js\" id=\"wpcf7-f19421-o1\" lang=\"es-ES\" dir=\"ltr\" data-wpcf7-id=\"19421\">\n<div class=\"screen-reader-response\"><p role=\"status\" aria-live=\"polite\" aria-atomic=\"true\"><\/p> <ul><\/ul><\/div>\n<form action=\"\/es\/wp-json\/wp\/v2\/pages\/19375#wpcf7-f19421-o1\" method=\"post\" class=\"wpcf7-form init\" aria-label=\"Formulario de contacto\" novalidate=\"novalidate\" data-status=\"init\">\n<fieldset class=\"hidden-fields-container\"><input type=\"hidden\" name=\"_wpcf7\" value=\"19421\" \/><input type=\"hidden\" name=\"_wpcf7_version\" value=\"6.1.5\" \/><input type=\"hidden\" name=\"_wpcf7_locale\" value=\"es_ES\" \/><input type=\"hidden\" name=\"_wpcf7_unit_tag\" value=\"wpcf7-f19421-o1\" \/><input type=\"hidden\" name=\"_wpcf7_container_post\" value=\"0\" \/><input type=\"hidden\" name=\"_wpcf7_posted_data_hash\" value=\"\" \/><input type=\"hidden\" name=\"_wpcf7_recaptcha_response\" value=\"\" \/>\n<\/fieldset>\n<p><label> El nombre<br \/>\n<span class=\"wpcf7-form-control-wrap\" data-name=\"your-name\"><input size=\"40\" maxlength=\"400\" class=\"wpcf7-form-control wpcf7-text wpcf7-validates-as-required\" aria-required=\"true\" aria-invalid=\"false\" value=\"\" type=\"text\" name=\"your-name\" \/><\/span> <\/label>\n<\/p>\n<p><label> El correo electr\u00f3nico<br \/>\n<span class=\"wpcf7-form-control-wrap\" data-name=\"your-email\"><input size=\"40\" maxlength=\"400\" class=\"wpcf7-form-control wpcf7-email wpcf7-validates-as-required wpcf7-text wpcf7-validates-as-email\" aria-required=\"true\" aria-invalid=\"false\" value=\"\" type=\"email\" name=\"your-email\" \/><\/span> <\/label>\n<\/p>\n<p><label> El asunto<br \/>\n<span class=\"wpcf7-form-control-wrap\" data-name=\"your-subject\"><input size=\"40\" maxlength=\"400\" class=\"wpcf7-form-control wpcf7-text wpcf7-validates-as-required\" aria-required=\"true\" aria-invalid=\"false\" value=\"\" type=\"text\" name=\"your-subject\" \/><\/span> <\/label>\n<\/p>\n<p><label> El mensaje<br \/>\n<span class=\"wpcf7-form-control-wrap\" data-name=\"your-message\"><textarea cols=\"40\" rows=\"4\" maxlength=\"2000\" class=\"wpcf7-form-control wpcf7-textarea wpcf7-validates-as-required\" aria-required=\"true\" aria-invalid=\"false\" name=\"your-message\"><\/textarea><\/span> <\/label>\n<\/p>\n<p><input class=\"wpcf7-form-control wpcf7-submit has-spinner\" type=\"submit\" value=\"Envia\" \/>\n<\/p><div class=\"wpcf7-response-output\" aria-hidden=\"true\"><\/div>\n<\/form>\n<\/div>\n\n\n<\/div><\/div><\/div>\n<\/div>\n<\/div><\/div>","protected":false},"excerpt":{"rendered":"","protected":false},"author":1,"featured_media":0,"parent":0,"menu_order":0,"comment_status":"closed","ping_status":"closed","template":"","meta":{"footnotes":""},"class_list":["post-19375","page","type-page","status-publish"],"_links":{"self":[{"href":"https:\/\/www.arsfabri.com\/es\/wp-json\/wp\/v2\/pages\/19375","targetHints":{"allow":["GET"]}}],"collection":[{"href":"https:\/\/www.arsfabri.com\/es\/wp-json\/wp\/v2\/pages"}],"about":[{"href":"https:\/\/www.arsfabri.com\/es\/wp-json\/wp\/v2\/types\/page"}],"author":[{"embeddable":true,"href":"https:\/\/www.arsfabri.com\/es\/wp-json\/wp\/v2\/users\/1"}],"replies":[{"embeddable":true,"href":"https:\/\/www.arsfabri.com\/es\/wp-json\/wp\/v2\/comments?post=19375"}],"version-history":[{"count":1,"href":"https:\/\/www.arsfabri.com\/es\/wp-json\/wp\/v2\/pages\/19375\/revisions"}],"predecessor-version":[{"id":19376,"href":"https:\/\/www.arsfabri.com\/es\/wp-json\/wp\/v2\/pages\/19375\/revisions\/19376"}],"wp:attachment":[{"href":"https:\/\/www.arsfabri.com\/es\/wp-json\/wp\/v2\/media?parent=19375"}],"curies":[{"name":"wp","href":"https:\/\/api.w.org\/{rel}","templated":true}]}}