{"id":19373,"date":"2020-02-26T19:24:34","date_gmt":"2020-02-26T17:24:34","guid":{"rendered":"https:\/\/www.arsfabri.com\/que-hacemos\/"},"modified":"2022-11-21T18:04:15","modified_gmt":"2022-11-21T16:04:15","slug":"que-hacemos","status":"publish","type":"page","link":"https:\/\/www.arsfabri.com\/es\/que-hacemos\/","title":{"rendered":"Que hacemos"},"content":{"rendered":"<div class=\"gb-container gb-container-0e4d4d6f\"><div class=\"gb-inside-container\">\n<div class=\"gb-grid-wrapper gb-grid-wrapper-09815c35\">\n<div class=\"gb-grid-column gb-grid-column-25068244\"><div class=\"gb-container gb-container-25068244\"><div class=\"gb-inside-container\">\n\n<h3 class=\"gb-headline gb-headline-86350950\"><span class=\"gb-icon\"><svg xmlns=\"http:\/\/www.w3.org\/2000\/svg\" viewbox=\"0 0 24 24\" height=\"24px\" width=\"24px\">     <g>         <path d=\"M0 0h24v24H0z\" fill=\"none\"><\/path>         <path d=\"M19.417 6.679C20.447 7.773 21 9 21 10.989c0 3.5-2.457 6.637-6.03 8.188l-.893-1.378c3.335-1.804 3.987-4.145 4.247-5.621-.537.278-1.24.375-1.929.311-1.804-.167-3.226-1.648-3.226-3.489a3.5 3.5 0 0 1 3.5-3.5c1.073 0 2.099.49 2.748 1.179zm-10 0C10.447 7.773 11 9 11 10.989c0 3.5-2.457 6.637-6.03 8.188l-.893-1.378c3.335-1.804 3.987-4.145 4.247-5.621-.537.278-1.24.375-1.929.311C4.591 12.322 3.17 10.841 3.17 9a3.5 3.5 0 0 1 3.5-3.5c1.073 0 2.099.49 2.748 1.179z\"><\/path>     <\/g> <\/svg><\/span><span class=\"gb-headline-text\">Identificamos las necesidades del cliente final para dise\u00f1ar una soluci\u00f3n de ejecuci\u00f3n factible.<\/span><\/h3>\n\n<\/div><\/div><\/div>\n\n<div class=\"gb-grid-column gb-grid-column-fd392ce9\"><div class=\"gb-container gb-container-fd392ce9\"><div class=\"gb-inside-container\">\n\n<p>Las necesidades de cualquier industria vienen determinadas por su actividad y su plan de negocio, pero siempre terminan relacionadas con la gesti\u00f3n de la reducci\u00f3n de costes, la mejora continua y el incremento de la eficiencia productiva. <\/p>\n\n\n\n<p>Para lograr estos retos, las empresas llevan a cabo todo tipo de proyectos que les permitan mejorar alguno de estos indicadores. En muchas ocasiones, las industrias saben determinar sus necesidades pero no tanto los medios y herramientas necesarias para alcanzarlas.<\/p>\n\n<\/div><\/div><\/div>\n<\/div>\n<\/div><\/div><div class=\"gb-container gb-container-5de15fc4\"><div class=\"gb-inside-container\">\n<div class=\"gb-grid-wrapper gb-grid-wrapper-d54872ca\">\n<div class=\"gb-grid-column gb-grid-column-80b5c2b5\"><div class=\"gb-container gb-container-80b5c2b5\"><div class=\"gb-inside-container\"><\/div><\/div><\/div>\n\n<div class=\"gb-grid-column gb-grid-column-6c581132\"><div class=\"gb-container gb-container-6c581132\"><div class=\"gb-inside-container\">\n\n<h3 class=\"gb-headline gb-headline-1cd9857b gb-headline-text\">el m\u00e9todo arsfabri:<\/h3>\n\n\n\n<p class=\"gb-headline gb-headline-3a49f384\"><span class=\"gb-icon\"><svg xmlns=\"http:\/\/www.w3.org\/2000\/svg\" viewbox=\"0 0 256 512\" width=\"1em\" height=\"1em\" aria-hidden=\"true\"><path d=\"M224.3 273l-136 136c-9.4 9.4-24.6 9.4-33.9 0l-22.6-22.6c-9.4-9.4-9.4-24.6 0-33.9l96.4-96.4-96.4-96.4c-9.4-9.4-9.4-24.6 0-33.9L54.3 103c9.4-9.4 24.6-9.4 33.9 0l136 136c9.5 9.4 9.5 24.6.1 34z\" fill=\"currentColor\"><\/path><\/svg><\/span><span class=\"gb-headline-text\">Dialogar con el cliente y con las empresas ejecutoras<\/span><\/p>\n\n\n\n<p class=\"gb-headline gb-headline-d02ee317\"><span class=\"gb-icon\"><svg xmlns=\"http:\/\/www.w3.org\/2000\/svg\" viewbox=\"0 0 256 512\" width=\"1em\" height=\"1em\" aria-hidden=\"true\"><path d=\"M224.3 273l-136 136c-9.4 9.4-24.6 9.4-33.9 0l-22.6-22.6c-9.4-9.4-9.4-24.6 0-33.9l96.4-96.4-96.4-96.4c-9.4-9.4-9.4-24.6 0-33.9L54.3 103c9.4-9.4 24.6-9.4 33.9 0l136 136c9.5 9.4 9.5 24.6.1 34z\" fill=\"currentColor\"><\/path><\/svg><\/span><span class=\"gb-headline-text\">Identificar las necesidades del cliente final<\/span><\/p>\n\n\n\n<p class=\"gb-headline gb-headline-c12768f7\"><span class=\"gb-icon\"><svg xmlns=\"http:\/\/www.w3.org\/2000\/svg\" viewbox=\"0 0 256 512\" width=\"1em\" height=\"1em\" aria-hidden=\"true\"><path d=\"M224.3 273l-136 136c-9.4 9.4-24.6 9.4-33.9 0l-22.6-22.6c-9.4-9.4-9.4-24.6 0-33.9l96.4-96.4-96.4-96.4c-9.4-9.4-9.4-24.6 0-33.9L54.3 103c9.4-9.4 24.6-9.4 33.9 0l136 136c9.5 9.4 9.5 24.6.1 34z\" fill=\"currentColor\"><\/path><\/svg><\/span><span class=\"gb-headline-text\">Encontrar los puntos de inter\u00e9s com\u00fan d\u00f3nde plantear las soluciones<\/span><\/p>\n\n\n\n<p class=\"gb-headline gb-headline-d2a7091d\"><span class=\"gb-icon\"><svg xmlns=\"http:\/\/www.w3.org\/2000\/svg\" viewbox=\"0 0 256 512\" width=\"1em\" height=\"1em\" aria-hidden=\"true\"><path d=\"M224.3 273l-136 136c-9.4 9.4-24.6 9.4-33.9 0l-22.6-22.6c-9.4-9.4-9.4-24.6 0-33.9l96.4-96.4-96.4-96.4c-9.4-9.4-9.4-24.6 0-33.9L54.3 103c9.4-9.4 24.6-9.4 33.9 0l136 136c9.5 9.4 9.5 24.6.1 34z\" fill=\"currentColor\"><\/path><\/svg><\/span><span class=\"gb-headline-text\">Implementar y ejecutar las soluciones acordadas<\/span><\/p>\n\n\n\n<p class=\"gb-headline gb-headline-8701e287\"><span class=\"gb-icon\"><svg xmlns=\"http:\/\/www.w3.org\/2000\/svg\" viewbox=\"0 0 256 512\" width=\"1em\" height=\"1em\" aria-hidden=\"true\"><path d=\"M224.3 273l-136 136c-9.4 9.4-24.6 9.4-33.9 0l-22.6-22.6c-9.4-9.4-9.4-24.6 0-33.9l96.4-96.4-96.4-96.4c-9.4-9.4-9.4-24.6 0-33.9L54.3 103c9.4-9.4 24.6-9.4 33.9 0l136 136c9.5 9.4 9.5 24.6.1 34z\" fill=\"currentColor\"><\/path><\/svg><\/span><span class=\"gb-headline-text\">Asumir funciones de direcci\u00f3n, planificaci\u00f3n y coordinaci\u00f3n de la producci\u00f3n en caso de que sea necesario<\/span><\/p>\n\n<\/div><\/div><\/div>\n<\/div>\n<\/div><\/div><div class=\"gb-container gb-container-1b03a90b\"><div class=\"gb-inside-container\">\n\n<h2 class=\"gb-headline gb-headline-5ff00118 gb-headline-text\">\u00bfComo trabajamos?<\/h2>\n\n\n\n<div class=\"wp-block-columns is-layout-flex wp-container-core-columns-is-layout-9d6595d7 wp-block-columns-is-layout-flex\">\n<div class=\"wp-block-column is-layout-flow wp-block-column-is-layout-flow\">\n<p>Lo que hacemos en arsfabri es identificar las necesidades del cliente final y dise\u00f1ar una soluci\u00f3n de ejecuci\u00f3n factible.<\/p>\n\n\n\n<p>Esto pasa por dialogar tanto con el cliente como con las empresas ejecutoras y encontrar el punto de inter\u00e9s com\u00fan donde se pueden plantear las soluciones (de cualquier tipo) que llevar\u00e1n al proyecto con \u00e9xito.<\/p>\n<\/div>\n\n\n\n<div class=\"wp-block-column is-layout-flow wp-block-column-is-layout-flow\">\n<p>Las soluciones no ser\u00e1n \u00fanicas, no ser\u00e1n f\u00e1ciles, no ser\u00e1n del agrado de todas las partes, pero ser\u00e1n apropiadas, equilibradas y justas. Si obtienen el visto bueno del cliente, pasar\u00e1n a la siguiente fase de implementaci\u00f3n y ejecuci\u00f3n.<\/p>\n\n\n\n<p>Si as\u00ed se decide, arsfabri tambi\u00e9n puede aportar su experiencia en la ejecuci\u00f3n de proyectos asumiendo funciones de direcci\u00f3n, planificaci\u00f3n, coordinaci\u00f3n y supervisi\u00f3n de actividades productivas.<\/p>\n<\/div>\n<\/div>\n\n<\/div><\/div>","protected":false},"excerpt":{"rendered":"<p>\u00bfComo trabajamos? Lo que hacemos en arsfabri es identificar las necesidades del cliente final y dise\u00f1ar una soluci\u00f3n de ejecuci\u00f3n factible. Esto pasa por dialogar tanto con el cliente como con las empresas ejecutoras y encontrar el punto de inter\u00e9s com\u00fan donde se pueden plantear las soluciones (de cualquier tipo) que llevar\u00e1n al proyecto con &#8230; <a title=\"Que hacemos\" class=\"read-more\" href=\"https:\/\/www.arsfabri.com\/es\/que-hacemos\/\" aria-label=\"Leer m\u00e1s sobre Que hacemos\">Leer m\u00e1s<\/a><\/p>\n","protected":false},"author":1,"featured_media":0,"parent":0,"menu_order":0,"comment_status":"closed","ping_status":"closed","template":"","meta":{"footnotes":""},"class_list":["post-19373","page","type-page","status-publish"],"_links":{"self":[{"href":"https:\/\/www.arsfabri.com\/es\/wp-json\/wp\/v2\/pages\/19373","targetHints":{"allow":["GET"]}}],"collection":[{"href":"https:\/\/www.arsfabri.com\/es\/wp-json\/wp\/v2\/pages"}],"about":[{"href":"https:\/\/www.arsfabri.com\/es\/wp-json\/wp\/v2\/types\/page"}],"author":[{"embeddable":true,"href":"https:\/\/www.arsfabri.com\/es\/wp-json\/wp\/v2\/users\/1"}],"replies":[{"embeddable":true,"href":"https:\/\/www.arsfabri.com\/es\/wp-json\/wp\/v2\/comments?post=19373"}],"version-history":[{"count":1,"href":"https:\/\/www.arsfabri.com\/es\/wp-json\/wp\/v2\/pages\/19373\/revisions"}],"predecessor-version":[{"id":19374,"href":"https:\/\/www.arsfabri.com\/es\/wp-json\/wp\/v2\/pages\/19373\/revisions\/19374"}],"wp:attachment":[{"href":"https:\/\/www.arsfabri.com\/es\/wp-json\/wp\/v2\/media?parent=19373"}],"curies":[{"name":"wp","href":"https:\/\/api.w.org\/{rel}","templated":true}]}}