{"id":19371,"date":"2020-02-26T19:25:29","date_gmt":"2020-02-26T17:25:29","guid":{"rendered":"https:\/\/www.arsfabri.com\/quienes-somos\/"},"modified":"2022-11-21T17:19:02","modified_gmt":"2022-11-21T15:19:02","slug":"quienes-somos","status":"publish","type":"page","link":"https:\/\/www.arsfabri.com\/es\/quienes-somos\/","title":{"rendered":"Quienes somos"},"content":{"rendered":"<div class=\"gb-container gb-container-2c2f2bca\"><div class=\"gb-inside-container\">\n<div class=\"gb-grid-wrapper gb-grid-wrapper-369a8c07\">\n<div class=\"gb-grid-column gb-grid-column-20a2cd21\"><div class=\"gb-container gb-container-20a2cd21\"><div class=\"gb-inside-container\">\n\n<h2 class=\"gb-headline gb-headline-bc7ff852 gb-headline-text\">Un equipo al lado de la ind\u00fastria<\/h2>\n\n\n\n<p>Arsfabri es el resultado de una larga trayectoria profesional en el desarrollo de proyectos en la industria qu\u00edmica, petroqu\u00edmica, automoci\u00f3n y alimentaria de un equipo contrastado y con una clara vocaci\u00f3n de servicio pr\u00e1ctico.<\/p>\n\n<\/div><\/div><\/div>\n\n<div class=\"gb-grid-column gb-grid-column-6df3ef07\"><div class=\"gb-container gb-container-6df3ef07\"><div class=\"gb-inside-container\">\n\n<figure class=\"wp-block-image size-full is-resized image-shadow img image-border-left\"><img loading=\"lazy\" decoding=\"async\" src=\"https:\/\/www.arsfabri.com\/wp-content\/uploads\/2020\/02\/meeting.jpg\" alt=\"\" class=\"wp-image-18238\" width=\"450\" height=\"300\" srcset=\"https:\/\/www.arsfabri.com\/wp-content\/uploads\/2020\/02\/meeting.jpg 600w, https:\/\/www.arsfabri.com\/wp-content\/uploads\/2020\/02\/meeting-300x200.jpg 300w\" sizes=\"auto, (max-width: 450px) 100vw, 450px\" \/><\/figure>\n\n<\/div><\/div><\/div>\n<\/div>\n<\/div><\/div><div class=\"gb-container gb-container-8c055158\"><div class=\"gb-inside-container\">\n\n<h3 class=\"gb-headline gb-headline-8a7a8d29\"><span class=\"gb-icon\"><svg xmlns=\"http:\/\/www.w3.org\/2000\/svg\" viewbox=\"0 0 24 24\" height=\"24px\" width=\"24px\">     <g>         <path d=\"M0 0h24v24H0z\" fill=\"none\"><\/path>         <path d=\"M19.417 6.679C20.447 7.773 21 9 21 10.989c0 3.5-2.457 6.637-6.03 8.188l-.893-1.378c3.335-1.804 3.987-4.145 4.247-5.621-.537.278-1.24.375-1.929.311-1.804-.167-3.226-1.648-3.226-3.489a3.5 3.5 0 0 1 3.5-3.5c1.073 0 2.099.49 2.748 1.179zm-10 0C10.447 7.773 11 9 11 10.989c0 3.5-2.457 6.637-6.03 8.188l-.893-1.378c3.335-1.804 3.987-4.145 4.247-5.621-.537.278-1.24.375-1.929.311C4.591 12.322 3.17 10.841 3.17 9a3.5 3.5 0 0 1 3.5-3.5c1.073 0 2.099.49 2.748 1.179z\"><\/path>     <\/g> <\/svg><\/span><span class=\"gb-headline-text\">Un equipo contrastado y con una clara vocaci\u00f3n de servicio pr\u00e1ctico<\/span><\/h3>\n\n\n\n<h5 class=\"gb-headline gb-headline-384286cd gb-headline-text\"><em>arsfabri<\/em><\/h5>\n\n<\/div><\/div><div class=\"gb-container gb-container-b0790870\"><div class=\"gb-inside-container\">\n\n<p>En estos sectores, todas las empresas necesitan un colaborador que conozca al sector, que pueda tratar con el cliente, que detecte las necesidades del proyecto antes que nadie y que pueda poner su experiencia al servicio del proyecto. Contar con este colaborador puede representar la diferencia entre tener \u00e9xito o no en el desarrollo del proyecto.<\/p>\n\n<\/div><\/div>","protected":false},"excerpt":{"rendered":"<p>Un equipo contrastado y con una clara vocaci\u00f3n de servicio pr\u00e1ctico arsfabri En estos sectores, todas las empresas necesitan un colaborador que conozca al sector, que pueda tratar con el cliente, que detecte las necesidades del proyecto antes que nadie y que pueda poner su experiencia al servicio del proyecto. Contar con este colaborador puede &#8230; <a title=\"Quienes somos\" class=\"read-more\" href=\"https:\/\/www.arsfabri.com\/es\/quienes-somos\/\" aria-label=\"Leer m\u00e1s sobre Quienes somos\">Leer m\u00e1s<\/a><\/p>\n","protected":false},"author":1,"featured_media":0,"parent":0,"menu_order":0,"comment_status":"closed","ping_status":"closed","template":"","meta":{"footnotes":""},"class_list":["post-19371","page","type-page","status-publish"],"_links":{"self":[{"href":"https:\/\/www.arsfabri.com\/es\/wp-json\/wp\/v2\/pages\/19371","targetHints":{"allow":["GET"]}}],"collection":[{"href":"https:\/\/www.arsfabri.com\/es\/wp-json\/wp\/v2\/pages"}],"about":[{"href":"https:\/\/www.arsfabri.com\/es\/wp-json\/wp\/v2\/types\/page"}],"author":[{"embeddable":true,"href":"https:\/\/www.arsfabri.com\/es\/wp-json\/wp\/v2\/users\/1"}],"replies":[{"embeddable":true,"href":"https:\/\/www.arsfabri.com\/es\/wp-json\/wp\/v2\/comments?post=19371"}],"version-history":[{"count":1,"href":"https:\/\/www.arsfabri.com\/es\/wp-json\/wp\/v2\/pages\/19371\/revisions"}],"predecessor-version":[{"id":19372,"href":"https:\/\/www.arsfabri.com\/es\/wp-json\/wp\/v2\/pages\/19371\/revisions\/19372"}],"wp:attachment":[{"href":"https:\/\/www.arsfabri.com\/es\/wp-json\/wp\/v2\/media?parent=19371"}],"curies":[{"name":"wp","href":"https:\/\/api.w.org\/{rel}","templated":true}]}}